{"id":98,"date":"2016-07-11T15:11:33","date_gmt":"2016-07-11T15:11:33","guid":{"rendered":"https:\/\/berger.themerex.net\/?page_id=98"},"modified":"2025-11-03T13:57:37","modified_gmt":"2025-11-03T12:57:37","slug":"home","status":"publish","type":"page","link":"https:\/\/www.heavybarbershop.pl\/","title":{"rendered":"Home"},"content":{"rendered":"<p>[vc_row full_width=&#8221;stretch_row_content_no_spaces&#8221;][vc_column]<a id=\"sc_anchor_welcome\" class=\"sc_anchor\" \n\t\ttitle=\"\" \n\t\tdata-icon=\"\" \n\t\tdata-url=\"\"\n><\/a><div  \n\tclass=\"sc_promo sc_promo_default sc_promo_size_large\"\n\t\t><div class=\"sc_promo_image lazyload\" style=\"background-color:#0a0a0a;background-image:inherit;width:50%;left: 0;\" data-bg-image=\"url(https:\/\/www.heavybarbershop.pl\/wp-content\/uploads\/2023\/03\/hbrnr-wp.png)\"><\/div><div class=\"sc_promo_text trx_addons_stretch_height\" style=\"width: 50%;float: right;\">\n\t\t\t<div class=\"sc_promo_text_inner sc_align_left\" style=\"\"><h2 class=\"sc_item_title sc_promo_title\">HEAVY Barbershop<\/h2><div class=\"sc_item_descr sc_promo_descr\">Heavy Barbershop to miejsce stworzone z pasj\u0105 do tego co robimy, dla m\u0119\u017cczyzn z pasj\u0105! U nas mo\u017cesz spodziewa\u0107 si\u0119 najwy\u017cszej jako\u015bci i dba\u0142o\u015bci o szczeg\u00f3\u0142y. Dajemy 100% gwarancji, \u017ce od nas wyjdziesz w pe\u0142ni zadowolony.<\/p>\n<p>Um\u00f3w si\u0119 poprzez aplikacje booksy, zadzwo\u0144 pogada\u0107, albo porostu, wpadnij do Rudy na Starowiejsk\u0105 17 po\u015bmieszkowa\u0107 i zbi\u0107 pi\u0105tk\u0119!<\/p>\n<p>Zdajemy te\u017c sobie spraw\u0119, \u017ce nie samym strzy\u017ceniem cz\u0142owiek \u017cyje, dlatego wychodzimy Wam na prz\u00f3d i ju\u017c planujemy ciekawe i przde wszystkim g\u0142o\u015bne eventy w naszym salonie.<\/p>\n<p>#stayheavy i do zobaczenia.<\/div><div class=\"sc_item_button sc_promo_button sc_button_wrap\"><a href=\"https:\/\/heavybarbershop.booksy.com\"\n\t \n\tclass=\"sc_button sc_button_default sc_button_size_normal sc_button_icon_top\"\n\t\t><span class=\"sc_button_icon\"><span class=\"icon-down-big\"><\/span><\/span><span class=\"sc_button_text\"><span class=\"sc_button_title\">Um\u00f3w si\u0119 ju\u017c dzi\u015b!<\/span><\/span><!-- \/.sc_button_text --><\/a><!-- \/.sc_button --><\/div><!-- \/.sc_item_button sc_promo_button --><\/div>\n\t\t<\/div><!-- \/.sc_promo_text --><\/div><!-- \/.sc_promo -->[\/vc_column][\/vc_row][vc_row full_width=&#8221;stretch_row_content&#8221; full_height=&#8221;yes&#8221; css=&#8221;.vc_custom_1470744090100{background-color: #f9f6f2 !important;}&#8221;][vc_column]<a id=\"sc_anchor_services\" class=\"sc_anchor\" \n\t\ttitle=\"\" \n\t\tdata-icon=\"\" \n\t\tdata-url=\"\"\n><\/a>[vc_empty_space alter_height=&#8221;huge&#8221; hide_on_mobile=&#8221;&#8221;]<div id=\"sc_content_113304476\"\n\t\tclass=\"sc_content sc_content_default\n\t\t\t\t\t\t\t\t\t\t\t\t\t\t\t\t\t\t separator_bottom_yes\t\t\t\"\n\t\t><h2 class=\"sc_item_title sc_content_title\">Nasze us\u0142ugi<\/h2><h5 class=\"sc_item_subtitle sc_content_subtitle\">Widzimy si\u0119 na naszych fotelach? - To chyba oczywiste! Sprawd\u017a nasze us\u0142ugi i wybierz co\u015b dla siebie.<\/h5><div class=\"sc_content_container\"><\/div><\/div><!-- \/.sc_content -->[vc_empty_space alter_height=&#8221;medium&#8221; hide_on_mobile=&#8221;&#8221;]<div id=\"sc_content_675575616\"\n\t\tclass=\"sc_content sc_content_default\n\t\t\t\t\t\t\t\t\t\t\t\t sc_content_width_1_1\t\t\t\t\t\t separator_bottom_yes\t\t\t\"\n\t\t><div class=\"sc_content_container\"><div class=\"sc_services sc_services_default\" data-slides-per-view=\"4\" data-slides-min-width=\"150\"\t\t>\n\t\t<div class=\"sc_services_columns sc_item_columns trx_addons_columns_wrap\"><div class=\"trx_addons_column-1_4 right\"><div class=\"sc_services_item\">\n\t\t<div class=\"sc_services_item_info\">\n\t\t<div class=\"sc_services_item_header\">\n            <div class=\"sc_services_item_icon trx_addons_icon-electric-razor\"><\/div>\n\t\t\t<h5 class=\"sc_services_item_title\"><a href=\"https:\/\/www.heavybarbershop.pl\/index.php\/cpt_services\/trimming\/\">Combo<\/a><\/h5>\n\t\t<\/div>\n\t\t<div class=\"sc_services_item_content\"><p>Podci\u0119cie? Fade? Modelowanie? Cieniowanie? Czyli po\u0142\u0105czenie dw\u00f3ch us\u0142ug strzy\u017cenia i golenia! O nic si\u0119 nie martw damy rad\u0119&#8230;<\/p>\n<\/div>\n\t\t<div class=\"sc_services_item_button\"><a href=\"https:\/\/www.heavybarbershop.pl\/index.php\/cpt_services\/trimming\/\">Read more<\/a><\/div>\n\t<\/div>\n<\/div>\n<\/div><div class=\"trx_addons_column-1_4 right\"><div class=\"sc_services_item\">\n\t\t<div class=\"sc_services_item_info\">\n\t\t<div class=\"sc_services_item_header\">\n            <div class=\"sc_services_item_icon trx_addons_icon-razor\"><\/div>\n\t\t\t<h5 class=\"sc_services_item_title\"><a href=\"https:\/\/www.heavybarbershop.pl\/index.php\/cpt_services\/shaving\/\">Golenie\/Trymowanie<\/a><\/h5>\n\t\t<\/div>\n\t\t<div class=\"sc_services_item_content\"><p>Ogarniemy Twoj\u0105 brod\u0119, a nawet zarost! Tu zetniemy, tam podetniemy (albo i nie ;)), reszt\u0119 wycieniujemy, nawet o w\u0105sa &#8230;<\/p>\n<\/div>\n\t\t<div class=\"sc_services_item_button\"><a href=\"https:\/\/www.heavybarbershop.pl\/index.php\/cpt_services\/shaving\/\">Read more<\/a><\/div>\n\t<\/div>\n<\/div>\n<\/div><div class=\"trx_addons_column-1_4 left\"><div class=\"sc_services_item\">\n\t\t<div class=\"sc_services_item_info\">\n\t\t<div class=\"sc_services_item_header\">\n            <div class=\"sc_services_item_icon trx_addons_icon-scissors-1\"><\/div>\n\t\t\t<h5 class=\"sc_services_item_title\"><a href=\"https:\/\/www.heavybarbershop.pl\/index.php\/cpt_services\/haircutting\/\">Strzy\u017cenie<\/a><\/h5>\n\t\t<\/div>\n\t\t<div class=\"sc_services_item_content\"><p>Ogarniemy Twoj\u0105 czupryn\u0119, zrobimy zajebistego fade&#8217;a, g\u00f3r\u0119 zetniemy perfekcyjnie, a jak nie wiesz co zrobi\u0107 z w\u0142osami&#8230;<\/p>\n<\/div>\n\t\t<div class=\"sc_services_item_button\"><a href=\"https:\/\/www.heavybarbershop.pl\/index.php\/cpt_services\/haircutting\/\">Read more<\/a><\/div>\n\t<\/div>\n<\/div>\n<\/div><div class=\"trx_addons_column-1_4 left\"><div class=\"sc_services_item\">\n\t\t<div class=\"sc_services_item_info\">\n\t\t<div class=\"sc_services_item_header\">\n            <div class=\"sc_services_item_icon trx_addons_icon-comb\"><\/div>\n\t\t\t<h5 class=\"sc_services_item_title\"><a href=\"https:\/\/www.heavybarbershop.pl\/index.php\/cpt_services\/styling\/\">Stylizacja<\/a><\/h5>\n\t\t<\/div>\n\t\t<div class=\"sc_services_item_content\"><p>Niewa\u017cne jak\u0105 us\u0142ug\u0119 wybierzesz, od nas zawsze wyjdziesz z dobrze wystylizowanymi w\u0142osami, czy brod\u0105.<\/p>\n<\/div>\n\t\t<div class=\"sc_services_item_button\"><a href=\"https:\/\/www.heavybarbershop.pl\/index.php\/cpt_services\/styling\/\">Read more<\/a><\/div>\n\t<\/div>\n<\/div>\n<\/div><\/div><\/div><!-- \/.sc_services --><\/div><\/div><!-- \/.sc_content -->[vc_empty_space alter_height=&#8221;huge&#8221; hide_on_mobile=&#8221;&#8221;][\/vc_column][\/vc_row][vc_row full_height=&#8221;yes&#8221;][vc_column]<a id=\"sc_anchor_staff\" class=\"sc_anchor\" \n\t\ttitle=\"\" \n\t\tdata-icon=\"\" \n\t\tdata-url=\"\"\n><\/a>[vc_empty_space height=&#8221;&#8221; alter_height=&#8221;huge&#8221; hide_on_mobile=&#8221;&#8221;]<div id=\"sc_content_1438233434\"\n\t\tclass=\"sc_content sc_content_default\n\t\t\t\t\t\t\t\t\t\t\t\t\t\t\t\t\t\t separator_bottom_yes\t\t\t\"\n\t\t><h2 class=\"sc_item_title sc_content_title\">Staff<\/h2><div class=\"sc_content_container\"><\/div><\/div><!-- \/.sc_content -->[vc_empty_space height=&#8221;&#8221; alter_height=&#8221;medium&#8221; hide_on_mobile=&#8221;&#8221;]<div class=\"sc_team sc_team_default\" data-slides-per-view=\"2\" data-slides-min-width=\"150\"\t\t>\n\t\t<div class=\"sc_team_columns sc_item_columns trx_addons_columns_wrap columns_padding_bottom\"><div class=\"trx_addons_column-1_2\"><div class=\"sc_team_item\">\n\t\t\t<div class=\"sc_team_item_avatar trx_addons_hover trx_addons_hover_style_zoomin\">\n\t\t\t<img decoding=\"async\" width=\"370\" height=\"370\" data-src=\"https:\/\/www.heavybarbershop.pl\/wp-content\/uploads\/2024\/01\/IMG_0087-370x370.jpeg\" class=\"attachment-berger-thumb-avatar size-berger-thumb-avatar wp-post-image lazyload\" alt=\"Natalia\" data-srcset=\"https:\/\/www.heavybarbershop.pl\/wp-content\/uploads\/2024\/01\/IMG_0087-370x370.jpeg 370w, https:\/\/www.heavybarbershop.pl\/wp-content\/uploads\/2024\/01\/IMG_0087-300x300.jpeg 300w, https:\/\/www.heavybarbershop.pl\/wp-content\/uploads\/2024\/01\/IMG_0087-1024x1024.jpeg 1024w, https:\/\/www.heavybarbershop.pl\/wp-content\/uploads\/2024\/01\/IMG_0087-150x150.jpeg 150w, https:\/\/www.heavybarbershop.pl\/wp-content\/uploads\/2024\/01\/IMG_0087-768x768.jpeg 768w, https:\/\/www.heavybarbershop.pl\/wp-content\/uploads\/2024\/01\/IMG_0087-75x75.jpeg 75w, https:\/\/www.heavybarbershop.pl\/wp-content\/uploads\/2024\/01\/IMG_0087-770x770.jpeg 770w, https:\/\/www.heavybarbershop.pl\/wp-content\/uploads\/2024\/01\/IMG_0087.jpeg 1200w\" data-sizes=\"(max-width: 370px) 100vw, 370px\" src=\"data:image\/svg+xml;base64,PHN2ZyB3aWR0aD0iMSIgaGVpZ2h0PSIxIiB4bWxucz0iaHR0cDovL3d3dy53My5vcmcvMjAwMC9zdmciPjwvc3ZnPg==\" style=\"--smush-placeholder-width: 370px; --smush-placeholder-aspect-ratio: 370\/370;\" \/>\n\t\t<\/div>\n\t\t<div class=\"sc_team_item_info\">\n\t\t<div class=\"sc_team_item_header\">\n\t\t\t<h3 class=\"sc_team_item_title\"><a href=\"https:\/\/www.heavybarbershop.pl\/index.php\/cpt_team\/natalia\/\">Natalia<\/a><\/h3>\n\t\t\t<div class=\"sc_team_item_subtitle\">Barber<\/div>\n            <div class=\"sc_team_links\">\n                <a href=\"https:\/\/www.heavybarbershop.pl\/index.php\/cpt_team\/natalia\/\" class=\"sc_team_links_icon trx_addons_icon-link\"><\/a>\n                <a href=\"https:\/\/www.heavybarbershop.pl\/wp-content\/uploads\/2024\/01\/IMG_0087.jpeg\" class=\"sc_team_links_icon trx_addons_icon-search\"><\/a>\n            <\/div>\n\t\t<\/div>\n\n\n\t<\/div>\n<\/div>\n<\/div><div class=\"trx_addons_column-1_2\"><div class=\"sc_team_item\">\n\t\t\t<div class=\"sc_team_item_avatar trx_addons_hover trx_addons_hover_style_zoomin\">\n\t\t\t<img decoding=\"async\" width=\"370\" height=\"370\" data-src=\"https:\/\/www.heavybarbershop.pl\/wp-content\/uploads\/2024\/01\/IMG_0088-370x370.jpeg\" class=\"attachment-berger-thumb-avatar size-berger-thumb-avatar wp-post-image lazyload\" alt=\"\u0141ukasz\" data-srcset=\"https:\/\/www.heavybarbershop.pl\/wp-content\/uploads\/2024\/01\/IMG_0088-370x370.jpeg 370w, https:\/\/www.heavybarbershop.pl\/wp-content\/uploads\/2024\/01\/IMG_0088-300x300.jpeg 300w, https:\/\/www.heavybarbershop.pl\/wp-content\/uploads\/2024\/01\/IMG_0088-1024x1024.jpeg 1024w, https:\/\/www.heavybarbershop.pl\/wp-content\/uploads\/2024\/01\/IMG_0088-150x150.jpeg 150w, https:\/\/www.heavybarbershop.pl\/wp-content\/uploads\/2024\/01\/IMG_0088-768x768.jpeg 768w, https:\/\/www.heavybarbershop.pl\/wp-content\/uploads\/2024\/01\/IMG_0088-75x75.jpeg 75w, https:\/\/www.heavybarbershop.pl\/wp-content\/uploads\/2024\/01\/IMG_0088-770x770.jpeg 770w, https:\/\/www.heavybarbershop.pl\/wp-content\/uploads\/2024\/01\/IMG_0088.jpeg 1200w\" data-sizes=\"(max-width: 370px) 100vw, 370px\" src=\"data:image\/svg+xml;base64,PHN2ZyB3aWR0aD0iMSIgaGVpZ2h0PSIxIiB4bWxucz0iaHR0cDovL3d3dy53My5vcmcvMjAwMC9zdmciPjwvc3ZnPg==\" style=\"--smush-placeholder-width: 370px; --smush-placeholder-aspect-ratio: 370\/370;\" \/>\n\t\t<\/div>\n\t\t<div class=\"sc_team_item_info\">\n\t\t<div class=\"sc_team_item_header\">\n\t\t\t<h3 class=\"sc_team_item_title\"><a href=\"https:\/\/www.heavybarbershop.pl\/index.php\/cpt_team\/lukasz\/\">\u0141ukasz<\/a><\/h3>\n\t\t\t<div class=\"sc_team_item_subtitle\">Barber<\/div>\n            <div class=\"sc_team_links\">\n                <a href=\"https:\/\/www.heavybarbershop.pl\/index.php\/cpt_team\/lukasz\/\" class=\"sc_team_links_icon trx_addons_icon-link\"><\/a>\n                <a href=\"https:\/\/www.heavybarbershop.pl\/wp-content\/uploads\/2024\/01\/IMG_0088.jpeg\" class=\"sc_team_links_icon trx_addons_icon-search\"><\/a>\n            <\/div>\n\t\t<\/div>\n\n\n\t<\/div>\n<\/div>\n<\/div><\/div><\/div><!-- \/.sc_team -->[vc_empty_space alter_height=&#8221;large&#8221; hide_on_mobile=&#8221;&#8221;][\/vc_column][\/vc_row][vc_row full_width=&#8221;stretch_row_content_no_spaces&#8221; css=&#8221;.vc_custom_1468568018265{background-color: #f9f6f2 !important;}&#8221;][vc_column]<a id=\"sc_anchor_prices\" class=\"sc_anchor\" \n\t\ttitle=\"\" \n\t\tdata-icon=\"\" \n\t\tdata-url=\"\"\n><\/a><div  \n\tclass=\"sc_promo sc_promo_default sc_promo_size_large\"\n\t\t><div class=\"sc_promo_image lazyload\" style=\"background-image:inherit;width:50%;left: 0;\" data-bg-image=\"url(https:\/\/www.heavybarbershop.pl\/wp-content\/uploads\/2022\/04\/uslugi-heavy-barbershop.jpg)\"><\/div><div class=\"sc_promo_text trx_addons_stretch_height\" style=\"width: 50%;float: right;\">\n\t\t\t<div class=\"sc_promo_text_inner sc_align_left\" style=\"\"><div class=\"sc_item_button sc_promo_button sc_button_wrap\"><a href=\"https:\/\/heavybarbershop.booksy.com\"\n\t \n\tclass=\"sc_button sc_button_default sc_button_size_normal sc_button_icon_top\"\n\t\t><span class=\"sc_button_icon\"><span class=\"icon-down-big\"><\/span><\/span><span class=\"sc_button_text\"><span class=\"sc_button_title\">wi\u0119cej us\u0142ug<\/span><\/span><!-- \/.sc_button_text --><\/a><!-- \/.sc_button --><\/div><!-- \/.sc_item_button sc_promo_button --><\/div>\n\t\t<\/div><!-- \/.sc_promo_text --><\/div><!-- \/.sc_promo --><div id=\"sc_content_637915001\"\n\t\tclass=\"sc_content sc_content_default\n\t\t\t sc_float_left\t\t\t sc_align_left\t\t\t\t\t\t\t\t\t\t\t\t separator_bottom_yes\t\t\t\"\n\t\t><h2 class=\"sc_item_title sc_content_title\">Us\u0142ugi<\/h2><div class=\"sc_item_descr sc_content_descr\">Sprawd\u017a co mo\u017cemy dla Ciebie zrobi\u0107 i wybierz co\u015b dla siebie.<\/div><div class=\"sc_content_container\"><\/div><\/div><!-- \/.sc_content --><div id=\"sc_table_1996676829_wrap\" class=\"sc_table_wrap sc_type_default\"><div id=\"sc_table_1996676829\"\n\t\t\tclass=\"sc_table\"\n\t\t\t style=\"width:100%;\"\t\t\t><\/p>\n<table style=\"height: 226px;\" width=\"556\">\n<tbody>\n<tr>\n<td>Strzy\u017cenie<\/td>\n<td>70 z\u0142<\/td>\n<\/tr>\n<tr>\n<td>Golenie\/Trymowanie<\/td>\n<td>70 z\u0142<\/td>\n<\/tr>\n<tr>\n<td>Combo<\/td>\n<td>120 z\u0142<\/td>\n<\/tr>\n<tr>\n<td>HEAVY G\u0142owa<\/td>\n<td>130 z\u0142<\/td>\n<\/tr>\n<tr>\n<td>HEAVY Broda<\/td>\n<td>130 z\u0142<\/td>\n<\/tr>\n<\/tbody>\n<\/table>\n<p>\t<\/div><\/div><!-- \/.sc_table_wrap -->[\/vc_column][\/vc_row][vc_row][vc_column]<div id=\"sc_content_1446472875\"\n\t\tclass=\"sc_content sc_content_default\n\t\t\t\t\t\t\t\t\t\t\t\t\t\t\t\t\t\t\t\t\t\"\n\t\t><div class=\"sc_item_descr sc_content_descr\"><p><span style=\"color: #ffffff;\">barber, barbershop, fryzjer m\u0119ski, fryzjer, strzy\u017cenie, strzy\u017cenie m\u0119skie, ruda \u015bl\u0105ska, ruda slaska, starowiejska, starowiejska 17, ruda, halemba, orzeg&oacute;w, godula, czarny las, chebzie, nowy bytom, wirek, bielszowice, bykowina, koch\u0142owice, bytom, chorz&oacute;w, zabrze, gliwice, \u015bwi\u0119toch\u0142owice, piekary \u015bl\u0105skie, tarnowskie g&oacute;ry<\/span><\/p><\/div><div class=\"sc_content_container\"><\/div><\/div><!-- \/.sc_content -->[\/vc_column][\/vc_row][vc_row][vc_column][vc_zigzag][\/vc_column][\/vc_row]<\/p>\n","protected":false},"excerpt":{"rendered":"<p>[vc_row full_width=&#8221;stretch_row_content_no_spaces&#8221;][vc_column][\/vc_column][\/vc_row][vc_row full_width=&#8221;stretch_row_content&#8221; full_height=&#8221;yes&#8221; css=&#8221;.vc_custom_1470744090100{background-color: #f9f6f2 !important;}&#8221;][vc_column][vc_empty_space alter_height=&#8221;huge&#8221; hide_on_mobile=&#8221;&#8221;][vc_empty_space alter_height=&#8221;medium&#8221; hide_on_mobile=&#8221;&#8221;][vc_empty_space alter_height=&#8221;huge&#8221; hide_on_mobile=&#8221;&#8221;][\/vc_column][\/vc_row][vc_row full_height=&#8221;yes&#8221;][vc_column][vc_empty_space height=&#8221;&#8221; alter_height=&#8221;huge&#8221; hide_on_mobile=&#8221;&#8221;][vc_empty_space height=&#8221;&#8221; alter_height=&#8221;medium&#8221; hide_on_mobile=&#8221;&#8221;][vc_empty_space alter_height=&#8221;large&#8221; hide_on_mobile=&#8221;&#8221;][\/vc_column][\/vc_row][vc_row full_width=&#8221;stretch_row_content_no_spaces&#8221; css=&#8221;.vc_custom_1468568018265{background-color: #f9f6f2 !important;}&#8221;][vc_column][\/vc_column][\/vc_row][vc_row][vc_column][\/vc_column][\/vc_row][vc_row][vc_column][vc_zigzag][\/vc_column][\/vc_row]<\/p>\n","protected":false},"author":1,"featured_media":957,"parent":0,"menu_order":0,"comment_status":"closed","ping_status":"closed","template":"","meta":{"footnotes":""},"class_list":["post-98","page","type-page","status-publish","has-post-thumbnail","hentry"],"_links":{"self":[{"href":"https:\/\/www.heavybarbershop.pl\/index.php\/wp-json\/wp\/v2\/pages\/98","targetHints":{"allow":["GET"]}}],"collection":[{"href":"https:\/\/www.heavybarbershop.pl\/index.php\/wp-json\/wp\/v2\/pages"}],"about":[{"href":"https:\/\/www.heavybarbershop.pl\/index.php\/wp-json\/wp\/v2\/types\/page"}],"author":[{"embeddable":true,"href":"https:\/\/www.heavybarbershop.pl\/index.php\/wp-json\/wp\/v2\/users\/1"}],"replies":[{"embeddable":true,"href":"https:\/\/www.heavybarbershop.pl\/index.php\/wp-json\/wp\/v2\/comments?post=98"}],"version-history":[{"count":26,"href":"https:\/\/www.heavybarbershop.pl\/index.php\/wp-json\/wp\/v2\/pages\/98\/revisions"}],"predecessor-version":[{"id":1069,"href":"https:\/\/www.heavybarbershop.pl\/index.php\/wp-json\/wp\/v2\/pages\/98\/revisions\/1069"}],"wp:featuredmedia":[{"embeddable":true,"href":"https:\/\/www.heavybarbershop.pl\/index.php\/wp-json\/wp\/v2\/media\/957"}],"wp:attachment":[{"href":"https:\/\/www.heavybarbershop.pl\/index.php\/wp-json\/wp\/v2\/media?parent=98"}],"curies":[{"name":"wp","href":"https:\/\/api.w.org\/{rel}","templated":true}]}}